{"id":2847,"date":"2017-08-29T10:00:05","date_gmt":"2017-08-29T08:00:05","guid":{"rendered":"https:\/\/www.mediaprocess.be\/information-cookie-eu"},"modified":"2017-08-29T10:00:05","modified_gmt":"2017-08-29T08:00:05","slug":"information-cookie-eu","status":"publish","type":"page","link":"https:\/\/www.mediaprocess.be\/en\/information-cookie-eu\/","title":{"rendered":"Information Cookie"},"content":{"rendered":"<div class=\"wpb-content-wrapper\"><p>[vc_row el_class=&#8221;raw3-prod&#8221;][vc_column][vc_column_text]Media Process SPRL utilise des cookies afin d&#8217;am\u00e9liorer l&#8217;utilisation du site web pour les visiteurs et de constituer des statistiques relatives au comportement de navigation des visiteurs de notre site.<\/p>\n<p>[\/vc_column_text][\/vc_column][\/vc_row][vc_row el_class=&#8221;raw3-prod&#8221;][vc_column][vc_column_text]<\/p>\n<h4>Que sont les cookies?<\/h4>\n<p>Un cookie est un petit fichier texte enregistr\u00e9 par le serveur d&#8217;un site Internet dans le navigateur de votre ordinateur ou de votre appareil mobile lorsque vous consultez ce site Internet. Le cookie contient un code unique permettant de reconna\u00eetre votre navigateur lors de votre visite sur le site Internet (&#8216;cookie de session&#8217;) ou lors de futures visites r\u00e9p\u00e9t\u00e9es (&#8216;cookie permanent&#8217;). Les cookies peuvent \u00eatre plac\u00e9s par le serveur du site Internet que vous visitez ou par des partenaires avec lesquels ce site Internet collabore. Le serveur d&#8217;un site Internet ne peut lire que les cookies qu&#8217;il a lui-m\u00eame plac\u00e9s ; il n&#8217;a acc\u00e8s \u00e0 aucune autre information se trouvant sur votre ordinateur ou sur votre appareil mobile. Les cookies sont stock\u00e9s sur votre ordinateur ou votre appareil mobile, dans le r\u00e9pertoire de votre navigateur. Le contenu d&#8217;un cookie se compose en g\u00e9n\u00e9ral du nom du serveur qui a plac\u00e9 le cookie, d&#8217;une date d&#8217;expiration et d&#8217;un code chiffr\u00e9 unique.<\/p>\n<p>Les cookies assurent une interaction g\u00e9n\u00e9ralement plus ais\u00e9e et plus rapide entre le visiteur et le site Internet. De plus, ils aident le visiteur \u00e0 naviguer entre les diff\u00e9rentes parties du site Internet. Les cookies peuvent \u00e9galement \u00eatre utilis\u00e9s pour rendre le contenu d&#8217;un site Internet ou la publicit\u00e9 pr\u00e9sente sur ce site plus pertinents pour le visiteur, ou pour adapter le site Internet aux pr\u00e9f\u00e9rences et aux besoins du visiteur.[\/vc_column_text][\/vc_column][\/vc_row][vc_row el_class=&#8221;raw3-prod&#8221;][vc_column][vc_column_text]<\/p>\n<style>\n    a.cky-banner-element {<br \/>        padding: 8px 30px;<br \/>        background: #F8F9FA;<br \/>        color: #858A8F;<br \/>        border: 1px solid #DEE2E6;<br \/>        box-sizing: border-box;<br \/>        border-radius: 2px;<br \/>        cursor: pointer;<br \/>}<br \/><\/style>\n<h1 class=\"cookie-policy-h1\">Cookie Policy<\/h1>\n<p>Effective Date: 17-Feb-2024<br \/>\nLast Updated: 17-Feb-2024<\/p>\n<p>&nbsp;<\/p>\n<h5>What are cookies?<\/h5>\n<div class=\"cookie-policy-p\">\n<p>This Cookie Policy explains what cookies are and how we use them, the types of cookies we use i.e, the information we collect using cookies and how that information is used, and how to manage the cookie settings.<\/p>\n<p>Cookies are small text files that are used to store small pieces of information. They are stored on your device when the website is loaded on your browser. These cookies help us make the website function properly, make it more secure, provide better user experience, and understand how the website performs and to analyze what works and where it needs improvement.<\/p>\n<\/div>\n<p>&nbsp;<\/p>\n<h5>How do we use cookies?<\/h5>\n<div class=\"cookie-policy-p\">\n<p>As most of the online services, our website uses first-party and third-party cookies for several purposes. First-party cookies are mostly necessary for the website to function the right way, and they do not collect any of your personally identifiable data.<\/p>\n<p>The third-party cookies used on our website are mainly for understanding how the website performs, how you interact with our website, keeping our services secure, providing advertisements that are relevant to you, and all in all providing you with a better and improved user experience and help speed up your future interactions with our website.<\/p>\n<\/div>\n<p>&nbsp;<\/p>\n<h5>Types of Cookies we use<\/h5>\n<div class=\"cky-audit-table-element\"><\/div>\n<p>&nbsp;<\/p>\n<h5 style=\"margin-bottom: 20px;\">Manage cookie preferences<\/h5>\n<p><a class=\"cky-banner-element\">Cookie Settings<\/a><\/p>\n<div>\n<p>You can change your cookie preferences any time by clicking the above button. This will let you revisit the cookie consent banner and change your preferences or withdraw your consent right away.<\/p>\n<p>In addition to this, different browsers provide different methods to block and delete cookies used by websites. You can change the settings of your browser to block\/delete the cookies. Listed below are the links to the support documents on how to manage and delete cookies from the major web browsers.<\/p>\n<p>Chrome: <a href=\"https:\/\/support.google.com\/accounts\/answer\/32050\" target=\"_blank\" rel=\"noopener\">https:\/\/support.google.com\/accounts\/answer\/32050<\/a><\/p>\n<p>Safari: <a href=\"https:\/\/support.apple.com\/en-in\/guide\/safari\/sfri11471\/mac\" target=\"_blank\" rel=\"noopener\">https:\/\/support.apple.com\/en-in\/guide\/safari\/sfri11471\/mac<\/a><\/p>\n<p>Firefox: <a href=\"https:\/\/support.mozilla.org\/en-US\/kb\/clear-cookies-and-site-data-firefox?redirectslug=delete-cookies-remove-info-websites-stored&amp;redirectlocale=en-US\" target=\"_blank\" rel=\"noopener\">https:\/\/support.mozilla.org\/en-US\/kb\/clear-cookies-and-site-data-firefox?redirectslug=delete-cookies-remove-info-websites-stored&amp;redirectlocale=en-US<\/a><\/p>\n<p>Internet Explorer: <a href=\"https:\/\/support.microsoft.com\/en-us\/topic\/how-to-delete-cookie-files-in-internet-explorer-bca9446f-d873-78de-77ba-d42645fa52fc\" target=\"_blank\" rel=\"noopener\">https:\/\/support.microsoft.com\/en-us\/topic\/how-to-delete-cookie-files-in-internet-explorer-bca9446f-d873-78de-77ba-d42645fa52fc<\/a><\/p>\n<p>If you are using any other web browser, please visit your browser\u2019s official support documents.<\/p>\n<\/div>\n<p>&nbsp;<\/p>\n<p class=\"cookie-policy-p\">Cookie Policy Generated By <a href=\"https:\/\/www.cookieyes.com\/?utm_source=CP&amp;utm_medium=footer&amp;utm_campaign=UW\" target=\"_blank\" rel=\"noopener\">CookieYes &#8211; Cookie Policy Generator<\/a>.<\/p>\n<p>[\/vc_column_text][vc_column_text]<\/p>\n<h4>Refuser les cookies<\/h4>\n<p>Par le biais des param\u00e8tres de votre navigateur, vous avez la possibilit\u00e9 de refuser l&#8217;installation des cookies. Vous trouverez ici la marche \u00e0 suivre pour refuser les cookies dans les navigateurs les plus utilis\u00e9s :<\/p>\n<ul>\n<li><a href=\"http:\/\/windows.microsoft.com\/fr-BE\/windows-vista\/Block-or-allow-cookies\" target=\"_blank\" rel=\"nofollow noopener\">Internet Explorer<\/a><\/li>\n<li><a href=\"https:\/\/support.google.com\/chrome\/answer\/95647?hl=fr\" target=\"_blank\" rel=\"nofollow noopener\">Google Chrome<\/a><\/li>\n<li><a href=\"http:\/\/support.mozilla.org\/fr\/kb\/activer-desactiver-cookies\" target=\"_blank\" rel=\"nofollow noopener\">Mozilla Firefox<\/a><\/li>\n<li><a href=\"http:\/\/support.apple.com\/kb\/PH5049\" target=\"_blank\" rel=\"nofollow noopener\">Safari<\/a><\/li>\n<\/ul>\n<p>Vous pouvez \u00e0 tout moment supprimer les cookies d\u00e9j\u00e0 install\u00e9s sur votre ordinateur ou sur votre appareil mobile.[\/vc_column_text][\/vc_column][\/vc_row]<\/p>\n<\/div>","protected":false},"excerpt":{"rendered":"<p>[vc_row el_class=&#8221;raw3-prod&#8221;][vc_column][vc_column_text]Media Process SPRL utilise des cookies afin d&#8217;am\u00e9liorer l&#8217;utilisation du site web pour les visiteurs et de constituer des statistiques relatives au comportement de navigation des visiteurs de notre site. [\/vc_column_text][\/vc_column][\/vc_row][vc_row el_class=&#8221;raw3-prod&#8221;][vc_column][vc_column_text] Que sont les cookies? Un cookie est un petit fichier texte enregistr\u00e9 par le serveur d&#8217;un site Internet dans le navigateur de&hellip;<\/p>\n","protected":false},"author":1,"featured_media":0,"parent":0,"menu_order":0,"comment_status":"closed","ping_status":"closed","template":"","meta":{"footnotes":""},"class_list":["post-2847","page","type-page","status-publish","hentry","description-off"],"_links":{"self":[{"href":"https:\/\/www.mediaprocess.be\/en\/wp-json\/wp\/v2\/pages\/2847","targetHints":{"allow":["GET"]}}],"collection":[{"href":"https:\/\/www.mediaprocess.be\/en\/wp-json\/wp\/v2\/pages"}],"about":[{"href":"https:\/\/www.mediaprocess.be\/en\/wp-json\/wp\/v2\/types\/page"}],"author":[{"embeddable":true,"href":"https:\/\/www.mediaprocess.be\/en\/wp-json\/wp\/v2\/users\/1"}],"replies":[{"embeddable":true,"href":"https:\/\/www.mediaprocess.be\/en\/wp-json\/wp\/v2\/comments?post=2847"}],"version-history":[{"count":0,"href":"https:\/\/www.mediaprocess.be\/en\/wp-json\/wp\/v2\/pages\/2847\/revisions"}],"wp:attachment":[{"href":"https:\/\/www.mediaprocess.be\/en\/wp-json\/wp\/v2\/media?parent=2847"}],"curies":[{"name":"wp","href":"https:\/\/api.w.org\/{rel}","templated":true}]}}