{"id":434,"date":"2015-11-05T19:04:09","date_gmt":"2015-11-05T17:04:09","guid":{"rendered":"http:\/\/localhost:8888\/en\/services\/impression-grand-format"},"modified":"2017-09-21T14:39:20","modified_gmt":"2017-09-21T12:39:20","slug":"large-format-printing-services","status":"publish","type":"page","link":"https:\/\/www.mediaprocess.be\/en\/services\/large-format-printing-services\/","title":{"rendered":"LARGE FORMAT PRINTING"},"content":{"rendered":"<div class=\"wpb-content-wrapper\"><p>[vc_row el_class=&#8221;.raw-top-comp&#8221;][vc_column width=&#8221;1\/3&#8243;][vc_single_image image=&#8221;299&#8243; img_size=&#8221;full&#8221; alignment=&#8221;center&#8221;][\/vc_column][vc_column width=&#8221;2\/3&#8243;][vc_column_text]<\/p>\n<h2>Large Format Printing Options<\/h2>\n<p>At Media Process, digital printing opens up to large sizes of almost unlimited size. And in any quantity, even for a single copy.<\/p>\n<p>We work on all media or almost from indoor to weather-resistant outdoor: covers, posters, signs, flags, displays, displays, adhesives \u2026 or not.[\/vc_column_text][\/vc_column][\/vc_row][vc_row bg_type=&#8221;bg_color&#8221; bg_override=&#8221;ex-full&#8221; el_class=&#8221;.raw-produits-impre&#8221; bg_color_value=&#8221;#ffffff&#8221;][vc_column][vc_column_text]<\/p>\n<h3>Leave a Lasting Impression With Large Format Printing<\/h3>\n<p>Our large choice of printing solutions are suitable as well for particular than professional, and for every budgets : Advertisers, Association, Graphic designer, communication agency, offices, events, artists,&#8230; The control and shipping will we freely handle by our services in the brussels area.[\/vc_column_text][vc_row_inner el_class=&#8221;.list-produits-impre&#8221;][vc_column_inner width=&#8221;1\/2&#8243;]<div class=\"uavc-list-icon uavc-list-icon-wrapper ult-adjust-bottom-margin   \"><ul class=\"uavc-list\"><li><div class=\"uavc-list-content\" id=\"list-icon-wrap-4376\">\n<div class=\"uavc-list-icon  \" data-animation=\"\" data-animation-delay=\"03\" style=\"margin-right:12px;\"><div class=\"ult-just-icon-wrapper  \"><div class=\"align-icon\" style=\"text-align:center;\">\n<div class=\"aio-icon none \"  style=\"color:#124094;font-size:16px;display:inline-block;\">\n\t<i class=\"Defaults-chevron-circle-right\"><\/i>\n<\/div><\/div><\/div>\n<\/div><span  data-ultimate-target='#list-icon-wrap-4376 .uavc-list-desc'  data-responsive-json-new='{\"font-size\":\"\",\"line-height\":\"\"}'  class=\"uavc-list-desc ult-responsive\" style=\"\"><a href=\"https:\/\/www.mediaprocess.be\/en\/poster-printing-brussels\" rel=\"nofollow\">Posters &amp; Signs<\/a><\/span><\/div><\/li><li><div class=\"uavc-list-content\" id=\"list-icon-wrap-8503\">\n<div class=\"uavc-list-icon  \" data-animation=\"\" data-animation-delay=\"03\" style=\"margin-right:12px;\"><div class=\"ult-just-icon-wrapper  \"><div class=\"align-icon\" style=\"text-align:center;\">\n<div class=\"aio-icon none \"  style=\"color:#124094;font-size:16px;display:inline-block;\">\n\t<i class=\"Defaults-chevron-circle-right\"><\/i>\n<\/div><\/div><\/div>\n<\/div><span  data-ultimate-target='#list-icon-wrap-8503 .uavc-list-desc'  data-responsive-json-new='{\"font-size\":\"\",\"line-height\":\"\"}'  class=\"uavc-list-desc ult-responsive\" style=\"\"><a href=\"https:\/\/www.mediaprocess.be\/en\/tarpaulin-printing-brussels\" rel=\"nofollow\">Tarpaulin &amp; Banners<\/a><\/span><\/div><\/li><\/ul><\/div>[\/vc_column_inner][vc_column_inner width=&#8221;1\/2&#8243;]<div class=\"uavc-list-icon uavc-list-icon-wrapper ult-adjust-bottom-margin   \"><ul class=\"uavc-list\"><li><div class=\"uavc-list-content\" id=\"list-icon-wrap-6274\">\n<div class=\"uavc-list-icon  \" data-animation=\"\" data-animation-delay=\"03\" style=\"margin-right:12px;\"><div class=\"ult-just-icon-wrapper  \"><div class=\"align-icon\" style=\"text-align:center;\">\n<div class=\"aio-icon none \"  style=\"color:#124094;font-size:16px;display:inline-block;\">\n\t<i class=\"Defaults-chevron-circle-right\"><\/i>\n<\/div><\/div><\/div>\n<\/div><span  data-ultimate-target='#list-icon-wrap-6274 .uavc-list-desc'  data-responsive-json-new='{\"font-size\":\"\",\"line-height\":\"\"}'  class=\"uavc-list-desc ult-responsive\" style=\"\"><a href=\"https:\/\/www.mediaprocess.be\/en\/roll-up-printing\" rel=\"nofollow\">Roll Up<\/a><\/span><\/div><\/li><li><div class=\"uavc-list-content\" id=\"list-icon-wrap-7712\">\n<div class=\"uavc-list-icon  \" data-animation=\"\" data-animation-delay=\"03\" style=\"margin-right:12px;\"><div class=\"ult-just-icon-wrapper  \"><div class=\"align-icon\" style=\"text-align:center;\">\n<div class=\"aio-icon none \"  style=\"color:#124094;font-size:16px;display:inline-block;\">\n\t<i class=\"Defaults-chevron-circle-right\"><\/i>\n<\/div><\/div><\/div>\n<\/div><span  data-ultimate-target='#list-icon-wrap-7712 .uavc-list-desc'  data-responsive-json-new='{\"font-size\":\"\",\"line-height\":\"\"}'  class=\"uavc-list-desc ult-responsive\" style=\"\"><a href=\"https:\/\/www.mediaprocess.be\/en\/custom-packaging-printing\" rel=\"nofollow\">Displays<\/a><\/span><\/div><\/li><\/ul><\/div>[\/vc_column_inner][\/vc_row_inner][vc_column_text]The client file sent according to our guidelines will be verified in order to insure\u00a0the client entire satisfaction on the final printing ! Famous brands and companies are requesting our services for their printing needs. Discover our <a href=\"https:\/\/www.mediaprocess.be\/en\/portfolio-printing-brussels\">references<\/a>.[\/vc_column_text][\/vc_column][\/vc_row][vc_row bg_type=&#8221;image&#8221; parallax_style=&#8221;vcpb-default&#8221; bg_image_new=&#8221;31|http:\/\/localhost:8888\/wp-content\/uploads\/2015\/11\/imprimerie-bg-bxl.jpg&#8221; bg_override=&#8221;ex-full&#8221; el_class=&#8221;.raw-urgence&#8221;][vc_column width=&#8221;1\/6&#8243;][vc_single_image image=&#8221;98&#8243; img_size=&#8221;full&#8221; alignment=&#8221;center&#8221; css_animation=&#8221;shake&#8221;][\/vc_column][vc_column width=&#8221;5\/6&#8243;][vc_column_text]<\/p>\n<h5>Tight deadline? Need to ship to multiple locations?<\/h5>\n<p>We do as much as we possibly can for our clients. Contact our commercial department so we can help you in the best possible delay.[\/vc_column_text][\/vc_column][\/vc_row][vc_row bg_type=&#8221;bg_color&#8221; bg_override=&#8221;ex-full&#8221; el_class=&#8221;.raw-more-serv&#8221; bg_color_value=&#8221;#ffffff&#8221;][vc_column][vc_row_inner el_class=&#8221;.raw-icone-servcompl&#8221;][vc_column_inner width=&#8221;1\/2&#8243;][vc_single_image image=&#8221;100&#8243; img_size=&#8221;full&#8221; alignment=&#8221;center&#8221;][vc_column_text]Ask for a <span style=\"color: #5ac3ed;\">graphic designer<\/span><\/p>\n<p>In addition to the classical printing, we dispose of a studio, capable of developing, setting up the layout or simply adapt and convert your document.[\/vc_column_text]<div class=\" ubtn-ctn-center \"><a class=\"ubtn-link ult-adjust-bottom-margin ubtn-center ubtn-normal \" href=\"https:\/\/www.mediaprocess.be\/en\/services\/graphic-design-brussels\" ><button type=\"button\" id=\"ubtn-2002\"  class=\"ubtn ult-adjust-bottom-margin ult-responsive ubtn-normal ubtn-no-hover-bg  none  ubtn-sep-icon ubtn-sep-icon-bottom-push  ubtn-center   tooltip-69d1412b42b5b\"  data-hover=\"#5ac3ed\" data-border-color=\"#5ac3ed\" data-bg=\"#5ac3ed\" data-hover-bg=\"#ffffff\" data-border-hover=\"#5ac3ed\" data-shadow-hover=\"\" data-shadow-click=\"none\" data-shadow=\"\" data-shd-shadow=\"\"  data-ultimate-target='#ubtn-2002'  data-responsive-json-new='{\"font-size\":\"desktop:18px;\",\"line-height\":\"\"}'  style=\"font-weight:bold;border-radius:3px;border-width:3px;border-color:#5ac3ed;border-style:solid;background: #5ac3ed;color: #ffffff;\"><span class=\"ubtn-data ubtn-icon\"><i class=\"Defaults-file-o\" style=\"font-size:32px;color:#5ac3ed;\"><\/i><\/span><span class=\"ubtn-hover\" style=\"background-color:#ffffff\"><\/span><span class=\"ubtn-data ubtn-text \" >Graphic Design<\/span><\/button><\/a><\/div>[\/vc_column_inner][vc_column_inner width=&#8221;1\/2&#8243;][vc_single_image image=&#8221;118&#8243; img_size=&#8221;full&#8221; alignment=&#8221;center&#8221;][vc_column_text]Place a <span style=\"color: #5ac3ed;\">Custom Order<\/span> ?<\/p>\n<p>Vous d\u00e9sirez une finition en particulier ? Un support particulier pour vos impressions grand format ? N\u2019h\u00e9sitez pas \u00e0 prendre contact avec notre \u00e9quipe.[\/vc_column_text]<div class=\" ubtn-ctn-center \"><a class=\"ubtn-link ult-adjust-bottom-margin ubtn-center ubtn-normal \" href=\"https:\/\/www.mediaprocess.be\/en\/printing-contact\" ><button type=\"button\" id=\"ubtn-9385\"  class=\"ubtn ult-adjust-bottom-margin ult-responsive ubtn-normal ubtn-no-hover-bg  none  ubtn-sep-icon ubtn-sep-icon-bottom-push  ubtn-center   tooltip-69d1412b42ba9\"  data-hover=\"#5ac3ed\" data-border-color=\"#5ac3ed\" data-bg=\"#5ac3ed\" data-hover-bg=\"#ffffff\" data-border-hover=\"#5ac3ed\" data-shadow-hover=\"\" data-shadow-click=\"none\" data-shadow=\"\" data-shd-shadow=\"\"  data-ultimate-target='#ubtn-9385'  data-responsive-json-new='{\"font-size\":\"desktop:18px;\",\"line-height\":\"\"}'  style=\"font-weight:bold;border-radius:3px;border-width:3px;border-color:#5ac3ed;border-style:solid;background: #5ac3ed;color: #ffffff;\"><span class=\"ubtn-data ubtn-icon\"><i class=\"Defaults-book\" style=\"font-size:32px;color:#5ac3ed;\"><\/i><\/span><span class=\"ubtn-hover\" style=\"background-color:#ffffff\"><\/span><span class=\"ubtn-data ubtn-text \" >Contact Us<\/span><\/button><\/a><\/div>[\/vc_column_inner][\/vc_row_inner][vc_column_text el_class=&#8221;.ttl-ref-galerie&#8221;]<\/p>\n<h4>LARGE FORMAT REFERENCES<\/h4>\n<p>[\/vc_column_text][\/vc_column][\/vc_row][vc_row][vc_column]<div id=\"ult-carousel-315310009569d1412b42d22\" class=\"ult-carousel-wrapper   ult_full_width\" data-gutter=\"0\" data-rtl=\"false\" ><div class=\"ult-carousel-74353489069d1412b42c03 \" >[vc_single_image image=&#8221;335&#8243; img_size=&#8221;full&#8221; alignment=&#8221;center&#8221;][vc_single_image image=&#8221;324&#8243; img_size=&#8221;full&#8221; alignment=&#8221;center&#8221;][vc_single_image image=&#8221;332&#8243; img_size=&#8221;full&#8221; alignment=&#8221;center&#8221;][vc_single_image image=&#8221;333&#8243; img_size=&#8221;full&#8221; alignment=&#8221;center&#8221;][vc_single_image image=&#8221;334&#8243; img_size=&#8221;full&#8221; alignment=&#8221;center&#8221;][vc_single_image image=&#8221;336&#8243; img_size=&#8221;full&#8221; alignment=&#8221;center&#8221;]<\/div><\/div>\t\t\t<script type=\"text\/javascript\">\n\t\t\t\tjQuery(document).ready(function ($) {\n\t\t\t\t\tif( typeof jQuery('.ult-carousel-74353489069d1412b42c03').slick == \"function\"){\n\t\t\t\t\t\t$('.ult-carousel-74353489069d1412b42c03').slick({dots: true,autoplay: true,autoplaySpeed: \"5000\",speed: \"300\",infinite: true,arrows: true,nextArrow: '<button type=\"button\" role=\"button\" aria-label=\"Next\" style=\"color:#ffffff; font-size:20px;\" class=\"slick-next default\"><i class=\"ultsl-arrow-right4\"><\/i><\/button>',prevArrow: '<button type=\"button\" role=\"button\" aria-label=\"Previous\" style=\"color:#ffffff; font-size:20px;\" class=\"slick-prev default\"><i class=\"ultsl-arrow-left4\"><\/i><\/button>',slidesToScroll:4,slidesToShow:4,swipe: true,draggable: true,touchMove: true,pauseOnHover: true,pauseOnFocus: false,responsive: [\n\t\t\t\t\t\t\t{\n\t\t\t\t\t\t\t  breakpoint: 1026,\n\t\t\t\t\t\t\t  settings: {\n\t\t\t\t\t\t\t\tslidesToShow: 4,\n\t\t\t\t\t\t\t\tslidesToScroll: 4,  \n\t\t\t\t\t\t\t  }\n\t\t\t\t\t\t\t},\n\t\t\t\t\t\t\t{\n\t\t\t\t\t\t\t  breakpoint: 1025,\n\t\t\t\t\t\t\t  settings: {\n\t\t\t\t\t\t\t\tslidesToShow: 3,\n\t\t\t\t\t\t\t\tslidesToScroll: 3\n\t\t\t\t\t\t\t  }\n\t\t\t\t\t\t\t},\n\t\t\t\t\t\t\t{\n\t\t\t\t\t\t\t  breakpoint: 760,\n\t\t\t\t\t\t\t  settings: {\n\t\t\t\t\t\t\t\tslidesToShow: 1,\n\t\t\t\t\t\t\t\tslidesToScroll: 1\n\t\t\t\t\t\t\t  }\n\t\t\t\t\t\t\t}\n\t\t\t\t\t\t],pauseOnDotsHover: true,customPaging: function(slider, i) {\n                   return '<i type=\"button\" style= \"color:#ffffff;\" class=\"ultsl-record\" data-role=\"none\"><\/i>';\n                },});\n\t\t\t\t\t}\n\t\t\t\t});\n\t\t\t<\/script>\n\t\t\t[\/vc_column][\/vc_row][vc_row bg_type=&#8221;bg_color&#8221; bg_override=&#8221;ex-full&#8221; el_class=&#8221;.raw-devis&#8221; bg_color_value=&#8221;#124094&#8243;][vc_column width=&#8221;1\/2&#8243;][vc_column_text]<\/p>\n<h4>Need a quote for a printing project ?<\/h4>\n<p>Our team will answer you promptly ! Do you need any help or advice ? Call us, we remain at your disposal.[\/vc_column_text][\/vc_column][vc_column width=&#8221;1\/2&#8243;]<div class=\" ubtn-ctn-center \"><a class=\"ubtn-link ult-adjust-bottom-margin ubtn-center ubtn-normal \" href=\"https:\/\/www.mediaprocess.be\/en\/printing-contact\" title=\"Demandez Votre Devis\" ><button type=\"button\" id=\"ubtn-6423\"  class=\"ubtn ult-adjust-bottom-margin ult-responsive ubtn-normal ubtn-no-hover-bg  none  ubtn-sep-icon ubtn-sep-icon-bottom-push  ubtn-center   tooltip-69d1412b42d72\"  data-hover=\"#ffffff\" data-border-color=\"#ffffff\" data-bg=\"#ffffff\" data-hover-bg=\"#124094\" data-border-hover=\"#ffffff\" data-shadow-hover=\"\" data-shadow-click=\"none\" data-shadow=\"\" data-shd-shadow=\"\"  data-ultimate-target='#ubtn-6423'  data-responsive-json-new='{\"font-size\":\"desktop:16px;\",\"line-height\":\"\"}'  style=\"font-weight:bold;border-radius:3px;border-width:3px;border-color:#ffffff;border-style:solid;background: #ffffff;color: #124094;\"><span class=\"ubtn-data ubtn-icon\"><i class=\"Defaults-paper-plane-o send-o\" style=\"font-size:32px;color:#ffffff;\"><\/i><\/span><span class=\"ubtn-hover\" style=\"background-color:#124094\"><\/span><span class=\"ubtn-data ubtn-text \" >ASK A QUOTE<\/span><\/button><\/a><\/div>[\/vc_column][\/vc_row][vc_row el_class=&#8221;.bloc-eco-bottom&#8221;][vc_column width=&#8221;1\/6&#8243;][vc_single_image image=&#8221;62&#8243; img_size=&#8221;full&#8221; alignment=&#8221;center&#8221; image_hovers=&#8221;false&#8221;][\/vc_column][vc_column width=&#8221;5\/6&#8243;][vc_column_text]Our Printing company is engaged in a eco conscious development. The respect of the environment is one of the company priority. Discover our ecological commitments.[\/vc_column_text][\/vc_column][\/vc_row]<\/p>\n<\/div>","protected":false},"excerpt":{"rendered":"<p>[vc_row el_class=&#8221;.raw-top-comp&#8221;][vc_column width=&#8221;1\/3&#8243;][vc_single_image image=&#8221;299&#8243; img_size=&#8221;full&#8221; alignment=&#8221;center&#8221;][\/vc_column][vc_column width=&#8221;2\/3&#8243;][vc_column_text] Large Format Printing Options At Media Process, digital printing opens up to large sizes of almost unlimited size. And in any quantity, even for a single copy. We work on all media or almost from indoor to weather-resistant outdoor: covers, posters, signs, flags, displays, displays, adhesives \u2026 or&hellip;<\/p>\n","protected":false},"author":1,"featured_media":0,"parent":411,"menu_order":0,"comment_status":"closed","ping_status":"closed","template":"","meta":{"footnotes":""},"class_list":["post-434","page","type-page","status-publish","hentry","description-off"],"_links":{"self":[{"href":"https:\/\/www.mediaprocess.be\/en\/wp-json\/wp\/v2\/pages\/434","targetHints":{"allow":["GET"]}}],"collection":[{"href":"https:\/\/www.mediaprocess.be\/en\/wp-json\/wp\/v2\/pages"}],"about":[{"href":"https:\/\/www.mediaprocess.be\/en\/wp-json\/wp\/v2\/types\/page"}],"author":[{"embeddable":true,"href":"https:\/\/www.mediaprocess.be\/en\/wp-json\/wp\/v2\/users\/1"}],"replies":[{"embeddable":true,"href":"https:\/\/www.mediaprocess.be\/en\/wp-json\/wp\/v2\/comments?post=434"}],"version-history":[{"count":17,"href":"https:\/\/www.mediaprocess.be\/en\/wp-json\/wp\/v2\/pages\/434\/revisions"}],"predecessor-version":[{"id":1290,"href":"https:\/\/www.mediaprocess.be\/en\/wp-json\/wp\/v2\/pages\/434\/revisions\/1290"}],"up":[{"embeddable":true,"href":"https:\/\/www.mediaprocess.be\/en\/wp-json\/wp\/v2\/pages\/411"}],"wp:attachment":[{"href":"https:\/\/www.mediaprocess.be\/en\/wp-json\/wp\/v2\/media?parent=434"}],"curies":[{"name":"wp","href":"https:\/\/api.w.org\/{rel}","templated":true}]}}